{"id":14188,"date":"2025-06-17T13:47:01","date_gmt":"2025-06-17T19:47:01","guid":{"rendered":"https:\/\/casaconciencia.mx\/?post_type=product&#038;p=14188"},"modified":"2025-11-05T11:48:49","modified_gmt":"2025-11-05T17:48:49","slug":"mezcal-artesanal-espadin-40-copia","status":"publish","type":"product","link":"https:\/\/casaconciencia.mx\/en\/product\/mezcal-artesanal-espadin-40-copia\/","title":{"rendered":"Mezcal Artesanal Espad\u00edn 40\u00b0 (copia)"},"content":{"rendered":"<ul>\n<li style=\"font-weight: 400;\" aria-level=\"1\"><span style=\"font-weight: 400;\">100% Agave Angustifolia Haw.<\/span><\/li>\n<li style=\"font-weight: 400;\" aria-level=\"1\"><span style=\"font-weight: 400;\">Fermentation in pine vats.<\/span><\/li>\n<li style=\"font-weight: 400;\" aria-level=\"1\"><span style=\"font-weight: 400;\">Distilled in Copper Alembic.<\/span><\/li>\n<li style=\"font-weight: 400;\" aria-level=\"1\"><span style=\"font-weight: 400;\">Young Mezcal \/ White.<\/span><\/li>\n<li style=\"font-weight: 400;\" aria-level=\"1\"><span style=\"font-weight: 400;\">40\u00b0 Alc. Vol.<\/span><\/li>\n<li style=\"font-weight: 400;\" aria-level=\"1\"><span style=\"font-weight: 400;\">750 ml<br \/>\n<\/span><\/li>\n<\/ul>\n<table>\n<tbody>\n<tr>\n<td><span style=\"font-weight: 400;\"> View\u00a0<\/span><\/td>\n<td><span style=\"font-weight: 400;\">Smell\u00a0<\/span><\/td>\n<td><span style=\"font-weight: 400;\">Flavour\u00a0<\/span><\/td>\n<\/tr>\n<tr>\n<td><span style=\"font-weight: 400;\">Crystalline\u00a0<\/span><span style=\"font-weight: 400;\">\u2022Enduring legs\u00a0<\/span><\/td>\n<td><span style=\"font-weight: 400;\">- Sweet\u00a0<\/span><span style=\"font-weight: 400;\">- Citrus notes\u00a0<\/span><\/p>\n<p><span style=\"font-weight: 400;\">- Slightly smoky\u00a0<\/span><\/td>\n<td>\n<ul>\n<li style=\"font-weight: 400;\" aria-level=\"1\"><span style=\"font-weight: 400;\">Citrus notes.<\/span><\/li>\n<li style=\"font-weight: 400;\" aria-level=\"1\"><span style=\"font-weight: 400;\">Subtle lactic notes.<\/span><\/li>\n<li style=\"font-weight: 400;\" aria-level=\"1\"><span style=\"font-weight: 400;\">Sweetness similar to peach syrup.<\/span><\/li>\n<\/ul>\n<p><span style=\"font-weight: 400;\">Aftertaste: sweet, long-lasting and pleasant acidity.\u00a0<\/span><\/td>\n<\/tr>\n<\/tbody>\n<\/table>","protected":false},"excerpt":{"rendered":"<h6><span style=\"font-weight: 400;\">Agave espad\u00edn thrives in the rich, sunny lands of Yautepec, Oaxaca, Mexico. Thanks to the region's warm climate, this agave matures in about 6 years, developing a well-balanced aromatic profile. This mezcal is handcrafted, following traditional methods that enhance its purity and highlight its authentic flavour, offering a smooth and rich experience in every sip.<\/span><\/h6>","protected":false},"featured_media":14203,"template":"","meta":{"_acf_changed":false},"product_brand":[],"product_cat":[43],"product_tag":[],"class_list":{"0":"post-14188","1":"product","2":"type-product","3":"status-publish","4":"has-post-thumbnail","6":"product_cat-sin-categorizar","8":"first","9":"instock","10":"shipping-taxable","11":"purchasable","12":"product-type-variable"},"acf":[],"yoast_head":"<!-- This site is optimized with the Yoast SEO plugin v24.8.1 - https:\/\/yoast.com\/wordpress\/plugins\/seo\/ -->\n<title>Mezcal Artesanal Espad\u00edn 40\u00b0 (copia) - Casa Conciencia<\/title>\n<meta name=\"robots\" content=\"index, follow, max-snippet:-1, max-image-preview:large, max-video-preview:-1\" \/>\n<link rel=\"canonical\" href=\"https:\/\/casaconciencia.mx\/en\/product\/mezcal-artesanal-espadin-40-copia\/\" \/>\n<meta property=\"og:locale\" content=\"en_US\" \/>\n<meta property=\"og:type\" content=\"article\" \/>\n<meta property=\"og:title\" content=\"Mezcal Artesanal Espad\u00edn 40\u00b0 (copia) - Casa Conciencia\" \/>\n<meta property=\"og:description\" content=\"El agave espad\u00edn prospera en las tierras ricas y soleadas de Yautepec, Oaxaca, M\u00e9xico. Gracias al clima c\u00e1lido de la regi\u00f3n, este agave madura en alrededor de 6 a\u00f1os, desarrollando un perfil arom\u00e1tico y bien equilibrado. Este mezcal se elabora artesanalmente, siguiendo m\u00e9todos tradicionales que realzan su pureza y destacan su sabor aut\u00e9ntico, ofreciendo una experiencia suave y rica en cada sorbo.\" \/>\n<meta property=\"og:url\" content=\"https:\/\/casaconciencia.mx\/en\/product\/mezcal-artesanal-espadin-40-copia\/\" \/>\n<meta property=\"og:site_name\" content=\"Casa Conciencia\" \/>\n<meta property=\"article:modified_time\" content=\"2025-11-05T17:48:49+00:00\" \/>\n<meta property=\"og:image\" content=\"https:\/\/casaconciencia.mx\/wp-content\/uploads\/2025\/06\/botella-nueva-Sandra-Sandriux.png\" \/>\n\t<meta property=\"og:image:width\" content=\"1600\" \/>\n\t<meta property=\"og:image:height\" content=\"2133\" \/>\n\t<meta property=\"og:image:type\" content=\"image\/png\" \/>\n<meta name=\"twitter:card\" content=\"summary_large_image\" \/>\n<meta name=\"twitter:label1\" content=\"Est. reading time\" \/>\n\t<meta name=\"twitter:data1\" content=\"1 minute\" \/>\n<script type=\"application\/ld+json\" class=\"yoast-schema-graph\">{\"@context\":\"https:\/\/schema.org\",\"@graph\":[{\"@type\":\"WebPage\",\"@id\":\"https:\/\/casaconciencia.mx\/producto\/mezcal-artesanal-espadin-40-copia\/\",\"url\":\"https:\/\/casaconciencia.mx\/producto\/mezcal-artesanal-espadin-40-copia\/\",\"name\":\"Mezcal Artesanal Espad\u00edn 40\u00b0 (copia) - Casa Conciencia\",\"isPartOf\":{\"@id\":\"https:\/\/casaconciencia.mx\/#website\"},\"primaryImageOfPage\":{\"@id\":\"https:\/\/casaconciencia.mx\/producto\/mezcal-artesanal-espadin-40-copia\/#primaryimage\"},\"image\":{\"@id\":\"https:\/\/casaconciencia.mx\/producto\/mezcal-artesanal-espadin-40-copia\/#primaryimage\"},\"thumbnailUrl\":\"https:\/\/casaconciencia.mx\/wp-content\/uploads\/2025\/06\/botella-nueva-Sandra-Sandriux.png\",\"datePublished\":\"2025-06-17T19:47:01+00:00\",\"dateModified\":\"2025-11-05T17:48:49+00:00\",\"breadcrumb\":{\"@id\":\"https:\/\/casaconciencia.mx\/producto\/mezcal-artesanal-espadin-40-copia\/#breadcrumb\"},\"inLanguage\":\"en-US\",\"potentialAction\":[{\"@type\":\"ReadAction\",\"target\":[\"https:\/\/casaconciencia.mx\/producto\/mezcal-artesanal-espadin-40-copia\/\"]}]},{\"@type\":\"ImageObject\",\"inLanguage\":\"en-US\",\"@id\":\"https:\/\/casaconciencia.mx\/producto\/mezcal-artesanal-espadin-40-copia\/#primaryimage\",\"url\":\"https:\/\/casaconciencia.mx\/wp-content\/uploads\/2025\/06\/botella-nueva-Sandra-Sandriux.png\",\"contentUrl\":\"https:\/\/casaconciencia.mx\/wp-content\/uploads\/2025\/06\/botella-nueva-Sandra-Sandriux.png\",\"width\":1600,\"height\":2133},{\"@type\":\"BreadcrumbList\",\"@id\":\"https:\/\/casaconciencia.mx\/producto\/mezcal-artesanal-espadin-40-copia\/#breadcrumb\",\"itemListElement\":[{\"@type\":\"ListItem\",\"position\":1,\"name\":\"Inicio\",\"item\":\"https:\/\/casaconciencia.mx\/\"},{\"@type\":\"ListItem\",\"position\":2,\"name\":\"Tienda\",\"item\":\"https:\/\/casaconciencia.mx\/tienda\/\"},{\"@type\":\"ListItem\",\"position\":3,\"name\":\"Mezcal Artesanal Espad\u00edn 40\u00b0 (copia)\"}]},{\"@type\":\"WebSite\",\"@id\":\"https:\/\/casaconciencia.mx\/#website\",\"url\":\"https:\/\/casaconciencia.mx\/\",\"name\":\"Casa Conciencia\",\"description\":\"Producci\u00f3n, envasado y venta de mezcal artesanal de Oaxaca.\",\"publisher\":{\"@id\":\"https:\/\/casaconciencia.mx\/#organization\"},\"potentialAction\":[{\"@type\":\"SearchAction\",\"target\":{\"@type\":\"EntryPoint\",\"urlTemplate\":\"https:\/\/casaconciencia.mx\/?s={search_term_string}\"},\"query-input\":{\"@type\":\"PropertyValueSpecification\",\"valueRequired\":true,\"valueName\":\"search_term_string\"}}],\"inLanguage\":\"en-US\"},{\"@type\":\"Organization\",\"@id\":\"https:\/\/casaconciencia.mx\/#organization\",\"name\":\"Casa Conciencia\",\"url\":\"https:\/\/casaconciencia.mx\/\",\"logo\":{\"@type\":\"ImageObject\",\"inLanguage\":\"en-US\",\"@id\":\"https:\/\/casaconciencia.mx\/#\/schema\/logo\/image\/\",\"url\":\"https:\/\/casaconciencia.mx\/wp-content\/uploads\/2024\/06\/FavIconCC.svg\",\"contentUrl\":\"https:\/\/casaconciencia.mx\/wp-content\/uploads\/2024\/06\/FavIconCC.svg\",\"width\":295,\"height\":304,\"caption\":\"Casa Conciencia\"},\"image\":{\"@id\":\"https:\/\/casaconciencia.mx\/#\/schema\/logo\/image\/\"}}]}<\/script>\n<!-- \/ Yoast SEO plugin. -->","yoast_head_json":{"title":"Mezcal Artesanal Espad\u00edn 40\u00b0 (copia) - Casa Conciencia","robots":{"index":"index","follow":"follow","max-snippet":"max-snippet:-1","max-image-preview":"max-image-preview:large","max-video-preview":"max-video-preview:-1"},"canonical":"https:\/\/casaconciencia.mx\/en\/product\/mezcal-artesanal-espadin-40-copia\/","og_locale":"en_US","og_type":"article","og_title":"Mezcal Artesanal Espad\u00edn 40\u00b0 (copia) - Casa Conciencia","og_description":"El agave espad\u00edn prospera en las tierras ricas y soleadas de Yautepec, Oaxaca, M\u00e9xico. Gracias al clima c\u00e1lido de la regi\u00f3n, este agave madura en alrededor de 6 a\u00f1os, desarrollando un perfil arom\u00e1tico y bien equilibrado. Este mezcal se elabora artesanalmente, siguiendo m\u00e9todos tradicionales que realzan su pureza y destacan su sabor aut\u00e9ntico, ofreciendo una experiencia suave y rica en cada sorbo.","og_url":"https:\/\/casaconciencia.mx\/en\/product\/mezcal-artesanal-espadin-40-copia\/","og_site_name":"Casa Conciencia","article_modified_time":"2025-11-05T17:48:49+00:00","og_image":[{"width":1600,"height":2133,"url":"https:\/\/casaconciencia.mx\/wp-content\/uploads\/2025\/06\/botella-nueva-Sandra-Sandriux.png","type":"image\/png"}],"twitter_card":"summary_large_image","twitter_misc":{"Est. reading time":"1 minute"},"schema":{"@context":"https:\/\/schema.org","@graph":[{"@type":"WebPage","@id":"https:\/\/casaconciencia.mx\/producto\/mezcal-artesanal-espadin-40-copia\/","url":"https:\/\/casaconciencia.mx\/producto\/mezcal-artesanal-espadin-40-copia\/","name":"Mezcal Artesanal Espad\u00edn 40\u00b0 (copia) - Casa Conciencia","isPartOf":{"@id":"https:\/\/casaconciencia.mx\/#website"},"primaryImageOfPage":{"@id":"https:\/\/casaconciencia.mx\/producto\/mezcal-artesanal-espadin-40-copia\/#primaryimage"},"image":{"@id":"https:\/\/casaconciencia.mx\/producto\/mezcal-artesanal-espadin-40-copia\/#primaryimage"},"thumbnailUrl":"https:\/\/casaconciencia.mx\/wp-content\/uploads\/2025\/06\/botella-nueva-Sandra-Sandriux.png","datePublished":"2025-06-17T19:47:01+00:00","dateModified":"2025-11-05T17:48:49+00:00","breadcrumb":{"@id":"https:\/\/casaconciencia.mx\/producto\/mezcal-artesanal-espadin-40-copia\/#breadcrumb"},"inLanguage":"en-US","potentialAction":[{"@type":"ReadAction","target":["https:\/\/casaconciencia.mx\/producto\/mezcal-artesanal-espadin-40-copia\/"]}]},{"@type":"ImageObject","inLanguage":"en-US","@id":"https:\/\/casaconciencia.mx\/producto\/mezcal-artesanal-espadin-40-copia\/#primaryimage","url":"https:\/\/casaconciencia.mx\/wp-content\/uploads\/2025\/06\/botella-nueva-Sandra-Sandriux.png","contentUrl":"https:\/\/casaconciencia.mx\/wp-content\/uploads\/2025\/06\/botella-nueva-Sandra-Sandriux.png","width":1600,"height":2133},{"@type":"BreadcrumbList","@id":"https:\/\/casaconciencia.mx\/producto\/mezcal-artesanal-espadin-40-copia\/#breadcrumb","itemListElement":[{"@type":"ListItem","position":1,"name":"Inicio","item":"https:\/\/casaconciencia.mx\/"},{"@type":"ListItem","position":2,"name":"Tienda","item":"https:\/\/casaconciencia.mx\/tienda\/"},{"@type":"ListItem","position":3,"name":"Mezcal Artesanal Espad\u00edn 40\u00b0 (copia)"}]},{"@type":"WebSite","@id":"https:\/\/casaconciencia.mx\/#website","url":"https:\/\/casaconciencia.mx\/","name":"Casa Conciencia","description":"Producci\u00f3n, envasado y venta de mezcal artesanal de Oaxaca.","publisher":{"@id":"https:\/\/casaconciencia.mx\/#organization"},"potentialAction":[{"@type":"SearchAction","target":{"@type":"EntryPoint","urlTemplate":"https:\/\/casaconciencia.mx\/?s={search_term_string}"},"query-input":{"@type":"PropertyValueSpecification","valueRequired":true,"valueName":"search_term_string"}}],"inLanguage":"en-US"},{"@type":"Organization","@id":"https:\/\/casaconciencia.mx\/#organization","name":"Casa Conciencia","url":"https:\/\/casaconciencia.mx\/","logo":{"@type":"ImageObject","inLanguage":"en-US","@id":"https:\/\/casaconciencia.mx\/#\/schema\/logo\/image\/","url":"https:\/\/casaconciencia.mx\/wp-content\/uploads\/2024\/06\/FavIconCC.svg","contentUrl":"https:\/\/casaconciencia.mx\/wp-content\/uploads\/2024\/06\/FavIconCC.svg","width":295,"height":304,"caption":"Casa Conciencia"},"image":{"@id":"https:\/\/casaconciencia.mx\/#\/schema\/logo\/image\/"}}]}},"_links":{"self":[{"href":"https:\/\/casaconciencia.mx\/en\/wp-json\/wp\/v2\/product\/14188","targetHints":{"allow":["GET"]}}],"collection":[{"href":"https:\/\/casaconciencia.mx\/en\/wp-json\/wp\/v2\/product"}],"about":[{"href":"https:\/\/casaconciencia.mx\/en\/wp-json\/wp\/v2\/types\/product"}],"wp:featuredmedia":[{"embeddable":true,"href":"https:\/\/casaconciencia.mx\/en\/wp-json\/wp\/v2\/media\/14203"}],"wp:attachment":[{"href":"https:\/\/casaconciencia.mx\/en\/wp-json\/wp\/v2\/media?parent=14188"}],"wp:term":[{"taxonomy":"product_brand","embeddable":true,"href":"https:\/\/casaconciencia.mx\/en\/wp-json\/wp\/v2\/product_brand?post=14188"},{"taxonomy":"product_cat","embeddable":true,"href":"https:\/\/casaconciencia.mx\/en\/wp-json\/wp\/v2\/product_cat?post=14188"},{"taxonomy":"product_tag","embeddable":true,"href":"https:\/\/casaconciencia.mx\/en\/wp-json\/wp\/v2\/product_tag?post=14188"}],"curies":[{"name":"wp","href":"https:\/\/api.w.org\/{rel}","templated":true}]}}