{"id":14106,"date":"2025-04-30T09:52:08","date_gmt":"2025-04-30T15:52:08","guid":{"rendered":"https:\/\/casaconciencia.mx\/?page_id=14106"},"modified":"2025-05-01T09:55:18","modified_gmt":"2025-05-01T15:55:18","slug":"alma-sabia","status":"publish","type":"page","link":"https:\/\/casaconciencia.mx\/en\/alma-sabia\/","title":{"rendered":"Alma sabia"},"content":{"rendered":"<div data-elementor-type=\"wp-page\" data-elementor-id=\"14106\" class=\"elementor elementor-14106\" data-elementor-post-type=\"page\">\n\t\t\t\t\t\t<section class=\"elementor-section elementor-top-section elementor-element elementor-element-b0dbbce elementor-section-full_width wrapper-wide section-normal elementor-section-height-default elementor-section-height-default default\" data-id=\"b0dbbce\" data-element_type=\"section\" data-settings=\"{&quot;background_background&quot;:&quot;classic&quot;}\">\n\t\t\t\t\t\t\t<div class=\"elementor-background-overlay\"><\/div>\n\t\t\t\t\t\t\t<div class=\"elementor-container elementor-column-gap-default\">\n\t\t\t\t\t<div class=\"elementor-column elementor-col-100 elementor-top-column elementor-element elementor-element-8a7c37d\" data-id=\"8a7c37d\" data-element_type=\"column\">\n\t\t\t<div class=\"elementor-widget-wrap elementor-element-populated\">\n\t\t\t\t\t\t<section class=\"elementor-section elementor-inner-section elementor-element elementor-element-3df4f60 light wrapper-wide section-normal elementor-section-boxed elementor-section-height-default elementor-section-height-default\" data-id=\"3df4f60\" data-element_type=\"section\">\n\t\t\t\t\t\t<div class=\"elementor-container elementor-column-gap-default\">\n\t\t\t\t\t<div class=\"has-anim fadeIn elementor-column elementor-col-100 elementor-inner-column elementor-element elementor-element-2a7c92f\" data-duration=\"1\" data-delay=\"0\" data-scrub=\"false\" data-pin=\"false\" data-out=\"false\" data-start=\"1.5\" data-origin=\"top center\" data-id=\"2a7c92f\" data-element_type=\"column\">\n\t\t\t<div class=\"elementor-widget-wrap elementor-element-populated\">\n\t\t\t\t\t\t<div class=\"elementor-element elementor-element-be1e09a elementor-widget elementor-widget-naylatextwrapper\" data-id=\"be1e09a\" data-element_type=\"widget\" data-widget_type=\"naylatextwrapper.default\">\n\t\t\t\t<div class=\"elementor-widget-container\">\n\t\t\t\t\t\n\n\n<div class=\"text-wrapper\">\n\n    <p class=\"has-anim-text wordsUp  text-h4  false\" data-stagger=\"0.1\" data-duration=\"1.5\"data-delay=\"0\"data-scrub=\"false\" data-pin=\"false\"> Algo grande est\u00e1 por despertar.<\/p>\n\n\n<\/div>\n\n\n\t\t\t\t<\/div>\n\t\t\t\t<\/div>\n\t\t\t\t<div class=\"elementor-element elementor-element-75f8e14 elementor-widget elementor-widget-naylatextwrapper\" data-id=\"75f8e14\" data-element_type=\"widget\" data-widget_type=\"naylatextwrapper.default\">\n\t\t\t\t<div class=\"elementor-widget-container\">\n\t\t\t\t\t\n\n\n<div class=\"text-wrapper\">\n\n    <p class=\"has-anim-text wordsUp  text-h4  false\" data-stagger=\"0.1\" data-duration=\"1.5\"data-delay=\"0\"data-scrub=\"false\" data-pin=\"false\"> Alma Sabia se acerca, un elixir de ritual, de sabidur\u00eda ancestral y conciencia que te conecta con tu esencia m\u00e1s profunda.<\/p>\n\n\n<\/div>\n\n\n\t\t\t\t<\/div>\n\t\t\t\t<\/div>\n\t\t\t\t<div class=\"elementor-element elementor-element-472044d elementor-widget__width-initial elementor-invisible elementor-widget elementor-widget-image\" data-id=\"472044d\" data-element_type=\"widget\" data-settings=\"{&quot;_animation&quot;:&quot;fadeIn&quot;,&quot;_animation_delay&quot;:100}\" data-widget_type=\"image.default\">\n\t\t\t\t<div class=\"elementor-widget-container\">\n\t\t\t\t\t\t\t\t\t\t\t\t\t\t\t<img fetchpriority=\"high\" decoding=\"async\" width=\"640\" height=\"525\" src=\"https:\/\/casaconciencia.mx\/wp-content\/uploads\/2025\/04\/logo-alma-sabia-768x630.png\" class=\"attachment-medium_large size-medium_large wp-image-14127\" alt=\"\" srcset=\"https:\/\/casaconciencia.mx\/wp-content\/uploads\/2025\/04\/logo-alma-sabia-768x630.png 768w, https:\/\/casaconciencia.mx\/wp-content\/uploads\/2025\/04\/logo-alma-sabia-300x246.png 300w, https:\/\/casaconciencia.mx\/wp-content\/uploads\/2025\/04\/logo-alma-sabia-1024x839.png 1024w, https:\/\/casaconciencia.mx\/wp-content\/uploads\/2025\/04\/logo-alma-sabia-15x12.png 15w, https:\/\/casaconciencia.mx\/wp-content\/uploads\/2025\/04\/logo-alma-sabia.png 1509w\" sizes=\"(max-width: 640px) 100vw, 640px\" \/>\t\t\t\t\t\t\t\t\t\t\t\t\t\t\t<\/div>\n\t\t\t\t<\/div>\n\t\t\t\t\t<\/div>\n\t\t<\/div>\n\t\t\t\t\t<\/div>\n\t\t<\/section>\n\t\t\t\t\t<\/div>\n\t\t<\/div>\n\t\t\t\t\t<\/div>\n\t\t<\/section>\n\t\t\t\t<\/div>","protected":false},"excerpt":{"rendered":"<p>Algo grande est\u00e1 por despertar. Alma Sabia se acerca, un elixir de ritual, de sabidur\u00eda ancestral y conciencia que te conecta con tu esencia m\u00e1s profunda.<\/p>","protected":false},"author":1,"featured_media":0,"parent":0,"menu_order":0,"comment_status":"closed","ping_status":"closed","template":"","meta":{"_acf_changed":false,"footnotes":""},"class_list":["post-14106","page","type-page","status-publish","hentry"],"acf":[],"yoast_head":"<!-- This site is optimized with the Yoast SEO plugin v24.8.1 - https:\/\/yoast.com\/wordpress\/plugins\/seo\/ -->\n<title>Alma sabia - Casa Conciencia<\/title>\n<meta name=\"robots\" content=\"index, follow, max-snippet:-1, max-image-preview:large, max-video-preview:-1\" \/>\n<link rel=\"canonical\" href=\"https:\/\/casaconciencia.mx\/en\/alma-sabia\/\" \/>\n<meta property=\"og:locale\" content=\"en_US\" \/>\n<meta property=\"og:type\" content=\"article\" \/>\n<meta property=\"og:title\" content=\"Alma sabia - Casa Conciencia\" \/>\n<meta property=\"og:description\" content=\"Algo grande est\u00e1 por despertar. Alma Sabia se acerca, un elixir de ritual, de sabidur\u00eda ancestral y conciencia que te conecta con tu esencia m\u00e1s profunda.\" \/>\n<meta property=\"og:url\" content=\"https:\/\/casaconciencia.mx\/en\/alma-sabia\/\" \/>\n<meta property=\"og:site_name\" content=\"Casa Conciencia\" \/>\n<meta property=\"article:modified_time\" content=\"2025-05-01T15:55:18+00:00\" \/>\n<meta property=\"og:image\" content=\"https:\/\/casaconciencia.mx\/wp-content\/uploads\/2025\/04\/logo-alma-sabia.png\" \/>\n\t<meta property=\"og:image:width\" content=\"1509\" \/>\n\t<meta property=\"og:image:height\" content=\"1237\" \/>\n\t<meta property=\"og:image:type\" content=\"image\/png\" \/>\n<meta name=\"twitter:card\" content=\"summary_large_image\" \/>\n<meta name=\"twitter:label1\" content=\"Est. reading time\" \/>\n\t<meta name=\"twitter:data1\" content=\"1 minute\" \/>\n<script type=\"application\/ld+json\" class=\"yoast-schema-graph\">{\"@context\":\"https:\/\/schema.org\",\"@graph\":[{\"@type\":\"WebPage\",\"@id\":\"https:\/\/casaconciencia.mx\/alma-sabia\/\",\"url\":\"https:\/\/casaconciencia.mx\/alma-sabia\/\",\"name\":\"Alma sabia - Casa Conciencia\",\"isPartOf\":{\"@id\":\"https:\/\/casaconciencia.mx\/#website\"},\"primaryImageOfPage\":{\"@id\":\"https:\/\/casaconciencia.mx\/alma-sabia\/#primaryimage\"},\"image\":{\"@id\":\"https:\/\/casaconciencia.mx\/alma-sabia\/#primaryimage\"},\"thumbnailUrl\":\"https:\/\/casaconciencia.mx\/wp-content\/uploads\/2025\/04\/logo-alma-sabia-768x630.png\",\"datePublished\":\"2025-04-30T15:52:08+00:00\",\"dateModified\":\"2025-05-01T15:55:18+00:00\",\"breadcrumb\":{\"@id\":\"https:\/\/casaconciencia.mx\/alma-sabia\/#breadcrumb\"},\"inLanguage\":\"en-US\",\"potentialAction\":[{\"@type\":\"ReadAction\",\"target\":[\"https:\/\/casaconciencia.mx\/alma-sabia\/\"]}]},{\"@type\":\"ImageObject\",\"inLanguage\":\"en-US\",\"@id\":\"https:\/\/casaconciencia.mx\/alma-sabia\/#primaryimage\",\"url\":\"https:\/\/casaconciencia.mx\/wp-content\/uploads\/2025\/04\/logo-alma-sabia-768x630.png\",\"contentUrl\":\"https:\/\/casaconciencia.mx\/wp-content\/uploads\/2025\/04\/logo-alma-sabia-768x630.png\"},{\"@type\":\"BreadcrumbList\",\"@id\":\"https:\/\/casaconciencia.mx\/alma-sabia\/#breadcrumb\",\"itemListElement\":[{\"@type\":\"ListItem\",\"position\":1,\"name\":\"Inicio\",\"item\":\"https:\/\/casaconciencia.mx\/\"},{\"@type\":\"ListItem\",\"position\":2,\"name\":\"Alma sabia\"}]},{\"@type\":\"WebSite\",\"@id\":\"https:\/\/casaconciencia.mx\/#website\",\"url\":\"https:\/\/casaconciencia.mx\/\",\"name\":\"Casa Conciencia\",\"description\":\"Producci\u00f3n, envasado y venta de mezcal artesanal de Oaxaca.\",\"publisher\":{\"@id\":\"https:\/\/casaconciencia.mx\/#organization\"},\"potentialAction\":[{\"@type\":\"SearchAction\",\"target\":{\"@type\":\"EntryPoint\",\"urlTemplate\":\"https:\/\/casaconciencia.mx\/?s={search_term_string}\"},\"query-input\":{\"@type\":\"PropertyValueSpecification\",\"valueRequired\":true,\"valueName\":\"search_term_string\"}}],\"inLanguage\":\"en-US\"},{\"@type\":\"Organization\",\"@id\":\"https:\/\/casaconciencia.mx\/#organization\",\"name\":\"Casa Conciencia\",\"url\":\"https:\/\/casaconciencia.mx\/\",\"logo\":{\"@type\":\"ImageObject\",\"inLanguage\":\"en-US\",\"@id\":\"https:\/\/casaconciencia.mx\/#\/schema\/logo\/image\/\",\"url\":\"https:\/\/casaconciencia.mx\/wp-content\/uploads\/2024\/06\/FavIconCC.svg\",\"contentUrl\":\"https:\/\/casaconciencia.mx\/wp-content\/uploads\/2024\/06\/FavIconCC.svg\",\"width\":295,\"height\":304,\"caption\":\"Casa Conciencia\"},\"image\":{\"@id\":\"https:\/\/casaconciencia.mx\/#\/schema\/logo\/image\/\"}}]}<\/script>\n<!-- \/ Yoast SEO plugin. -->","yoast_head_json":{"title":"Alma sabia - Casa Conciencia","robots":{"index":"index","follow":"follow","max-snippet":"max-snippet:-1","max-image-preview":"max-image-preview:large","max-video-preview":"max-video-preview:-1"},"canonical":"https:\/\/casaconciencia.mx\/en\/alma-sabia\/","og_locale":"en_US","og_type":"article","og_title":"Alma sabia - Casa Conciencia","og_description":"Algo grande est\u00e1 por despertar. Alma Sabia se acerca, un elixir de ritual, de sabidur\u00eda ancestral y conciencia que te conecta con tu esencia m\u00e1s profunda.","og_url":"https:\/\/casaconciencia.mx\/en\/alma-sabia\/","og_site_name":"Casa Conciencia","article_modified_time":"2025-05-01T15:55:18+00:00","og_image":[{"width":1509,"height":1237,"url":"https:\/\/casaconciencia.mx\/wp-content\/uploads\/2025\/04\/logo-alma-sabia.png","type":"image\/png"}],"twitter_card":"summary_large_image","twitter_misc":{"Est. reading time":"1 minute"},"schema":{"@context":"https:\/\/schema.org","@graph":[{"@type":"WebPage","@id":"https:\/\/casaconciencia.mx\/alma-sabia\/","url":"https:\/\/casaconciencia.mx\/alma-sabia\/","name":"Alma sabia - Casa Conciencia","isPartOf":{"@id":"https:\/\/casaconciencia.mx\/#website"},"primaryImageOfPage":{"@id":"https:\/\/casaconciencia.mx\/alma-sabia\/#primaryimage"},"image":{"@id":"https:\/\/casaconciencia.mx\/alma-sabia\/#primaryimage"},"thumbnailUrl":"https:\/\/casaconciencia.mx\/wp-content\/uploads\/2025\/04\/logo-alma-sabia-768x630.png","datePublished":"2025-04-30T15:52:08+00:00","dateModified":"2025-05-01T15:55:18+00:00","breadcrumb":{"@id":"https:\/\/casaconciencia.mx\/alma-sabia\/#breadcrumb"},"inLanguage":"en-US","potentialAction":[{"@type":"ReadAction","target":["https:\/\/casaconciencia.mx\/alma-sabia\/"]}]},{"@type":"ImageObject","inLanguage":"en-US","@id":"https:\/\/casaconciencia.mx\/alma-sabia\/#primaryimage","url":"https:\/\/casaconciencia.mx\/wp-content\/uploads\/2025\/04\/logo-alma-sabia-768x630.png","contentUrl":"https:\/\/casaconciencia.mx\/wp-content\/uploads\/2025\/04\/logo-alma-sabia-768x630.png"},{"@type":"BreadcrumbList","@id":"https:\/\/casaconciencia.mx\/alma-sabia\/#breadcrumb","itemListElement":[{"@type":"ListItem","position":1,"name":"Inicio","item":"https:\/\/casaconciencia.mx\/"},{"@type":"ListItem","position":2,"name":"Alma sabia"}]},{"@type":"WebSite","@id":"https:\/\/casaconciencia.mx\/#website","url":"https:\/\/casaconciencia.mx\/","name":"Casa Conciencia","description":"Producci\u00f3n, envasado y venta de mezcal artesanal de Oaxaca.","publisher":{"@id":"https:\/\/casaconciencia.mx\/#organization"},"potentialAction":[{"@type":"SearchAction","target":{"@type":"EntryPoint","urlTemplate":"https:\/\/casaconciencia.mx\/?s={search_term_string}"},"query-input":{"@type":"PropertyValueSpecification","valueRequired":true,"valueName":"search_term_string"}}],"inLanguage":"en-US"},{"@type":"Organization","@id":"https:\/\/casaconciencia.mx\/#organization","name":"Casa Conciencia","url":"https:\/\/casaconciencia.mx\/","logo":{"@type":"ImageObject","inLanguage":"en-US","@id":"https:\/\/casaconciencia.mx\/#\/schema\/logo\/image\/","url":"https:\/\/casaconciencia.mx\/wp-content\/uploads\/2024\/06\/FavIconCC.svg","contentUrl":"https:\/\/casaconciencia.mx\/wp-content\/uploads\/2024\/06\/FavIconCC.svg","width":295,"height":304,"caption":"Casa Conciencia"},"image":{"@id":"https:\/\/casaconciencia.mx\/#\/schema\/logo\/image\/"}}]}},"_links":{"self":[{"href":"https:\/\/casaconciencia.mx\/en\/wp-json\/wp\/v2\/pages\/14106","targetHints":{"allow":["GET"]}}],"collection":[{"href":"https:\/\/casaconciencia.mx\/en\/wp-json\/wp\/v2\/pages"}],"about":[{"href":"https:\/\/casaconciencia.mx\/en\/wp-json\/wp\/v2\/types\/page"}],"author":[{"embeddable":true,"href":"https:\/\/casaconciencia.mx\/en\/wp-json\/wp\/v2\/users\/1"}],"replies":[{"embeddable":true,"href":"https:\/\/casaconciencia.mx\/en\/wp-json\/wp\/v2\/comments?post=14106"}],"version-history":[{"count":26,"href":"https:\/\/casaconciencia.mx\/en\/wp-json\/wp\/v2\/pages\/14106\/revisions"}],"predecessor-version":[{"id":14181,"href":"https:\/\/casaconciencia.mx\/en\/wp-json\/wp\/v2\/pages\/14106\/revisions\/14181"}],"wp:attachment":[{"href":"https:\/\/casaconciencia.mx\/en\/wp-json\/wp\/v2\/media?parent=14106"}],"curies":[{"name":"wp","href":"https:\/\/api.w.org\/{rel}","templated":true}]}}